{"id":460,"date":"2020-03-03T09:15:13","date_gmt":"2020-03-03T09:15:13","guid":{"rendered":"http:\/\/greenbop.wordpress.de\/?page_id=460"},"modified":"2026-01-15T09:00:33","modified_gmt":"2026-01-15T08:00:33","slug":"impressum","status":"publish","type":"page","link":"https:\/\/www.greenbop.de\/blog\/impressum\/","title":{"rendered":"Impressum"},"content":{"rendered":"\t\t<div data-elementor-type=\"wp-page\" data-elementor-id=\"460\" class=\"elementor elementor-460\">\n\t\t\t\t\t\t<section class=\"elementor-section elementor-top-section elementor-element elementor-element-1a6960ab elementor-section-boxed elementor-section-height-default elementor-section-height-default\" data-id=\"1a6960ab\" data-element_type=\"section\">\n\t\t\t\t\t\t<div class=\"elementor-container elementor-column-gap-default\">\n\t\t\t\t\t<div class=\"elementor-column elementor-col-100 elementor-top-column elementor-element elementor-element-1eadfb15\" data-id=\"1eadfb15\" data-element_type=\"column\">\n\t\t\t<div class=\"elementor-widget-wrap elementor-element-populated\">\n\t\t\t\t\t\t<div class=\"elementor-element elementor-element-1ee7ce41 elementor-widget elementor-widget-text-editor\" data-id=\"1ee7ce41\" data-element_type=\"widget\" data-widget_type=\"text-editor.default\">\n\t\t\t\t<div class=\"elementor-widget-container\">\n\t\t\t\t\t\t\t\t\t<p>Greenbop GmbH<br \/>Schorner Str. 1a<br \/>82065 Baierbrunn<\/p>\n<p>Gesch\u00e4ftsf\u00fchrerin: Christina Setzer<br \/>info@greenbop.de<\/p>\n<p>USt-IdNr.: DE 328329785<br \/>eingetragen im Handelsregister des Amtsgerichtes M\u00fcnchen<br \/>Handelsregisternummer: HRB 301988<\/p>\n\n<p>\u00a0<\/p>\n\t\t\t\t\t\t\t\t<\/div>\n\t\t\t\t<\/div>\n\t\t\t\t\t<\/div>\n\t\t<\/div>\n\t\t\t\t\t<\/div>\n\t\t<\/section>\n\t\t\t\t<\/div>\n\t\t","protected":false},"excerpt":{"rendered":"<p>Greenbop GmbHSchorner Str. 1a82065 Baierbrunn Gesch\u00e4ftsf\u00fchrerin: Christina Setzerinfo@greenbop.de USt-IdNr.: DE 328329785eingetragen im Handelsregister des Amtsgerichtes M\u00fcnchenHandelsregisternummer: HRB 301988 \u00a0<\/p>\n","protected":false},"author":1,"featured_media":0,"parent":0,"menu_order":0,"comment_status":"closed","ping_status":"closed","template":"","meta":{"footnotes":""},"class_list":["post-460","page","type-page","status-publish","hentry"],"yoast_head":"<!-- This site is optimized with the Yoast SEO plugin v21.5 - https:\/\/yoast.com\/wordpress\/plugins\/seo\/ -->\n<title>Impressum - Greenbop Blog<\/title>\n<meta name=\"description\" content=\"Impressum - Greenbop Blog zum Thema Garten &amp; Design.\" \/>\n<meta name=\"robots\" content=\"index, follow, max-snippet:-1, max-image-preview:large, max-video-preview:-1\" \/>\n<link rel=\"canonical\" href=\"https:\/\/www.greenbop.de\/blog\/impressum\/\" \/>\n<meta property=\"og:locale\" content=\"de_DE\" \/>\n<meta property=\"og:type\" content=\"article\" \/>\n<meta property=\"og:title\" content=\"Impressum - Greenbop Blog\" \/>\n<meta property=\"og:description\" content=\"Impressum - Greenbop Blog zum Thema Garten &amp; Design.\" \/>\n<meta property=\"og:url\" content=\"https:\/\/www.greenbop.de\/blog\/impressum\/\" \/>\n<meta property=\"og:site_name\" content=\"Greenbop Blog\" \/>\n<meta property=\"article:modified_time\" content=\"2026-01-15T08:00:33+00:00\" \/>\n<meta name=\"twitter:card\" content=\"summary_large_image\" \/>\n<meta name=\"twitter:label1\" content=\"Gesch\u00e4tzte Lesezeit\" \/>\n\t<meta name=\"twitter:data1\" content=\"1\u00a0Minute\" \/>\n<script type=\"application\/ld+json\" class=\"yoast-schema-graph\">{\"@context\":\"https:\/\/schema.org\",\"@graph\":[{\"@type\":\"WebPage\",\"@id\":\"https:\/\/www.greenbop.de\/blog\/impressum\/\",\"url\":\"https:\/\/www.greenbop.de\/blog\/impressum\/\",\"name\":\"Impressum - Greenbop Blog\",\"isPartOf\":{\"@id\":\"https:\/\/www.greenbop.de\/blog\/#website\"},\"datePublished\":\"2020-03-03T09:15:13+00:00\",\"dateModified\":\"2026-01-15T08:00:33+00:00\",\"description\":\"Impressum - Greenbop Blog zum Thema Garten & Design.\",\"breadcrumb\":{\"@id\":\"https:\/\/www.greenbop.de\/blog\/impressum\/#breadcrumb\"},\"inLanguage\":\"de\",\"potentialAction\":[{\"@type\":\"ReadAction\",\"target\":[\"https:\/\/www.greenbop.de\/blog\/impressum\/\"]}]},{\"@type\":\"BreadcrumbList\",\"@id\":\"https:\/\/www.greenbop.de\/blog\/impressum\/#breadcrumb\",\"itemListElement\":[{\"@type\":\"ListItem\",\"position\":1,\"name\":\"Startseite\",\"item\":\"https:\/\/www.greenbop.de\/blog\/\"},{\"@type\":\"ListItem\",\"position\":2,\"name\":\"Impressum\"}]},{\"@type\":\"WebSite\",\"@id\":\"https:\/\/www.greenbop.de\/blog\/#website\",\"url\":\"https:\/\/www.greenbop.de\/blog\/\",\"name\":\"Greenbop Blog\",\"description\":\"Garten &amp; Design\",\"potentialAction\":[{\"@type\":\"SearchAction\",\"target\":{\"@type\":\"EntryPoint\",\"urlTemplate\":\"https:\/\/www.greenbop.de\/blog\/?s={search_term_string}\"},\"query-input\":\"required name=search_term_string\"}],\"inLanguage\":\"de\"}]}<\/script>\n<!-- \/ Yoast SEO plugin. -->","yoast_head_json":{"title":"Impressum - Greenbop Blog","description":"Impressum - Greenbop Blog zum Thema Garten & Design.","robots":{"index":"index","follow":"follow","max-snippet":"max-snippet:-1","max-image-preview":"max-image-preview:large","max-video-preview":"max-video-preview:-1"},"canonical":"https:\/\/www.greenbop.de\/blog\/impressum\/","og_locale":"de_DE","og_type":"article","og_title":"Impressum - Greenbop Blog","og_description":"Impressum - Greenbop Blog zum Thema Garten & Design.","og_url":"https:\/\/www.greenbop.de\/blog\/impressum\/","og_site_name":"Greenbop Blog","article_modified_time":"2026-01-15T08:00:33+00:00","twitter_card":"summary_large_image","twitter_misc":{"Gesch\u00e4tzte Lesezeit":"1\u00a0Minute"},"schema":{"@context":"https:\/\/schema.org","@graph":[{"@type":"WebPage","@id":"https:\/\/www.greenbop.de\/blog\/impressum\/","url":"https:\/\/www.greenbop.de\/blog\/impressum\/","name":"Impressum - Greenbop Blog","isPartOf":{"@id":"https:\/\/www.greenbop.de\/blog\/#website"},"datePublished":"2020-03-03T09:15:13+00:00","dateModified":"2026-01-15T08:00:33+00:00","description":"Impressum - Greenbop Blog zum Thema Garten & Design.","breadcrumb":{"@id":"https:\/\/www.greenbop.de\/blog\/impressum\/#breadcrumb"},"inLanguage":"de","potentialAction":[{"@type":"ReadAction","target":["https:\/\/www.greenbop.de\/blog\/impressum\/"]}]},{"@type":"BreadcrumbList","@id":"https:\/\/www.greenbop.de\/blog\/impressum\/#breadcrumb","itemListElement":[{"@type":"ListItem","position":1,"name":"Startseite","item":"https:\/\/www.greenbop.de\/blog\/"},{"@type":"ListItem","position":2,"name":"Impressum"}]},{"@type":"WebSite","@id":"https:\/\/www.greenbop.de\/blog\/#website","url":"https:\/\/www.greenbop.de\/blog\/","name":"Greenbop Blog","description":"Garten &amp; Design","potentialAction":[{"@type":"SearchAction","target":{"@type":"EntryPoint","urlTemplate":"https:\/\/www.greenbop.de\/blog\/?s={search_term_string}"},"query-input":"required name=search_term_string"}],"inLanguage":"de"}]}},"_links":{"self":[{"href":"https:\/\/www.greenbop.de\/blog\/wp-json\/wp\/v2\/pages\/460","targetHints":{"allow":["GET"]}}],"collection":[{"href":"https:\/\/www.greenbop.de\/blog\/wp-json\/wp\/v2\/pages"}],"about":[{"href":"https:\/\/www.greenbop.de\/blog\/wp-json\/wp\/v2\/types\/page"}],"author":[{"embeddable":true,"href":"https:\/\/www.greenbop.de\/blog\/wp-json\/wp\/v2\/users\/1"}],"replies":[{"embeddable":true,"href":"https:\/\/www.greenbop.de\/blog\/wp-json\/wp\/v2\/comments?post=460"}],"version-history":[{"count":12,"href":"https:\/\/www.greenbop.de\/blog\/wp-json\/wp\/v2\/pages\/460\/revisions"}],"predecessor-version":[{"id":4567,"href":"https:\/\/www.greenbop.de\/blog\/wp-json\/wp\/v2\/pages\/460\/revisions\/4567"}],"wp:attachment":[{"href":"https:\/\/www.greenbop.de\/blog\/wp-json\/wp\/v2\/media?parent=460"}],"curies":[{"name":"wp","href":"https:\/\/api.w.org\/{rel}","templated":true}]}}